{"id":14,"date":"2019-05-29T19:31:29","date_gmt":"2019-05-29T19:31:29","guid":{"rendered":"https:\/?page_id=14"},"modified":"2019-05-29T20:00:10","modified_gmt":"2019-05-29T20:00:10","slug":"lpgli-arac-otopark-havalandirmasi","status":"publish","type":"page","link":"https:\/\/lpgliaracotoparkhavalandirmasi.com\/","title":{"rendered":"Lpg\u2019li Ara\u00e7 Otopark Havaland\u0131rmas\u0131"},"content":{"rendered":"<p>[vc_row][vc_column][vc_column_text]<\/p>\n<p style=\"text-align: center;\"><strong>Lpg\u2019li Ara\u00e7 Otopark Havaland\u0131rmas\u0131<\/strong><\/p>\n<p>S\u0131v\u0131la\u015ft\u0131r\u0131lm\u0131\u015f Petrol Gaz\u0131 (LPG) t\u00fcm d\u00fcnyada pop\u00fclerlik kazanmaktad\u0131r. D\u00fcnyada toplam yak\u0131t pazar pay\u0131n\u0131n %3\u2019\u00fcn\u00fc sa\u011flamaktad\u0131r. D\u00fcnyada bu kadar fazla kullan\u0131lmas\u0131n\u0131 nedeni geleneksel yak\u0131tlardan ortalama %40 fiyat tasarrufu sa\u011flamaktad\u0131r.\u00dclkemizde de fiyat tasarrufu sebebiyle olduk\u00e7a s\u0131k kullan\u0131lan bir bir yak\u0131t t\u00fcr\u00fc olan LPG ve LPG li ara\u00e7lar\u0131n kapal\u0131 otoparklarda nas\u0131l g\u00fcvende olacaklar\u0131n\u0131 sorular\u0131na cevap aranmakta.<\/p>\n<p style=\"text-align: center;\"><a href=\"https:\/\/lpgliaracotoparkhavalandirmasi.com\/wp-content\/uploads\/2019\/05\/LPGLI\u0307-ARAC-OTOPARK-HAVALANDIRMASI.png\"><img loading=\"lazy\" decoding=\"async\" class=\"aligncenter size-full wp-image-9\" src=\"https:\/\/lpgliaracotoparkhavalandirmasi.com\/wp-content\/uploads\/2019\/05\/LPGLI\u0307-ARAC-OTOPARK-HAVALANDIRMASI.png\" alt=\"LPG'L\u0130 ARAC OTOPARK HAVALANDIRMASI\" width=\"504\" height=\"264\" srcset=\"https:\/\/lpgliaracotoparkhavalandirmasi.com\/wp-content\/uploads\/2019\/05\/LPGLI\u0307-ARAC-OTOPARK-HAVALANDIRMASI.png 504w, https:\/\/lpgliaracotoparkhavalandirmasi.com\/wp-content\/uploads\/2019\/05\/LPGLI\u0307-ARAC-OTOPARK-HAVALANDIRMASI-300x157.png 300w, https:\/\/lpgliaracotoparkhavalandirmasi.com\/wp-content\/uploads\/2019\/05\/LPGLI\u0307-ARAC-OTOPARK-HAVALANDIRMASI-460x240.png 460w\" sizes=\"auto, (max-width: 504px) 100vw, 504px\" \/><\/a><br \/>\n<strong>Lpg\u2019li Ara\u00e7 Otopark Havaland\u0131rmas\u0131<\/strong><\/p>\n<p>[\/vc_column_text][\/vc_column][\/vc_row][vc_row][vc_column][vc_empty_space][\/vc_column][\/vc_row][vc_row][vc_column][vc_column_text]<\/p>\n<p class=\"p1\">LPG gaz\u0131 Propan(C3H8 ) ve B\u00fctan(C4H10) kar\u0131\u015f\u0131m\u0131d\u0131r. Kar\u0131\u015f\u0131m oranlar\u0131 ortalama olarak %65 propan ve % 35 b\u00fctan olarak da\u011f\u0131lmaktad\u0131r. LPG gaz\u0131n\u0131n molek\u00fcl a\u011f\u0131rl\u0131\u011f\u0131 havadan y\u00fcksek oldu\u011fundan dolay\u0131 s\u0131v\u0131 faz\u0131nda iken ak\u0131\u015f esnas\u0131nda a\u015fa\u011f\u0131 do\u011fru hareket eder, zeminde yay\u0131l\u0131r ve buharla\u015f\u0131r. Bir litre s\u0131v\u0131 LPG 250L gaz buhar\u0131 \u00fcretir. LPG, atmosfer bas\u0131nc\u0131nda ve oda s\u0131cakl\u0131\u011f\u0131nda gaz faz\u0131nda bulunur ve s\u0131k\u0131\u015ft\u0131r\u0131larak bas\u0131n\u00e7<\/p>\n<p>[\/vc_column_text][vc_empty_space][\/vc_column][\/vc_row][vc_row][vc_column][vc_column_text]<\/p>\n<p class=\"p1\">Kapal\u0131 alanlarda tutuldu\u011funda LPG tanklar\u0131 ve sistemleri ile ilgili herhangi bir rapor ve rehber bulunmamaktad\u0131r. Van den Schoor&#8217;un makalesi, bir otoparkta LPG gaz ka\u00e7aklar\u0131n\u0131n teorik senaryolar\u0131n\u0131 analiz ediyor, ancak sonu\u00e7lar\u0131 sadece <a href=\"https:\/\/cvsair.com.tr\/cfd-analizleri\/\">CFD analizlerine<\/a> dayanmaktad\u0131r. Literat\u00fcrde otoparklarda LPG kurulum \/ sistem ar\u0131zas\u0131 risklerini kapsayan veri eksikli\u011fi bulunmaktad\u0131r. Ayn\u0131 zamanda, LPG&#8217;nin bu t\u00fcr muhafazalarda etkin bir \u015fekilde alg\u0131lanmas\u0131 ve havaland\u0131r\u0131lmas\u0131 i\u00e7in bir standart bulunmamaktad\u0131r. Bir ara\u00e7tanLPG sal\u0131n\u0131m\u0131 tespit edilebilir ve patlama riski, \u00f6zellikle bir jetfan sistemi ile otomatik olarak etkinle\u015ftirilen havaland\u0131rma sistemi ile hafifletilebilir.<\/p>\n<p>[\/vc_column_text][vc_empty_space][\/vc_column][\/vc_row][vc_row][vc_column][vc_column_text]<\/p>\n<p class=\"p1\">Jet fanl\u0131 havaland\u0131rma sistemleri i\u00e7in kullan\u0131lan jetfanlar genelde kapal\u0131 otoparklar\u0131 havaland\u0131rma amac\u0131 ile kullan\u0131l\u0131r. Jet fanlar otopark\u0131n tavan\u0131n\u0131n alt\u0131na monte edilir ve insan sa\u011fl\u0131\u011f\u0131n\u0131 olumsuz etkileyen tehlikeli gazlar\u0131 ta\u015f\u0131yan ve uzakla\u015ft\u0131ran bir hava ak\u0131m\u0131 olu\u015fturur. Ba\u015flang\u0131\u00e7ta, jetfan sistemleri yaln\u0131zca t\u00fcnellerin havaland\u0131r\u0131lmas\u0131nda kullan\u0131l\u0131yordu, ancak son zamanlarda otoparklar i\u00e7in \u00e7ok pop\u00fcler hale geldiler. LPG\u2019nin y\u00fcksek yo\u011funlu\u011fundan dolay\u0131, tahliye edilmesindeki en \u00f6nemli fakt\u00f6r, otopark\u0131n zeminine yak\u0131n alanlar i\u00e7in y\u00fcksek etkili havaland\u0131rma sa\u011flanabilmesidir. Sonu\u00e7 olarak, <span class=\"s1\">lpg li arac otopark havaland\u0131rmas\u0131 konusunda da dikkate<\/span> al\u0131nmas\u0131 gerekmektedir.<\/p>\n<p>[\/vc_column_text][vc_empty_space][\/vc_column][\/vc_row][vc_row][vc_column][vc_column_text]<\/p>\n<p class=\"p1\">Bu konuda yap\u0131lan \u00e7e\u015fitli FDS analiz \u00e7al\u0131\u015fmalar\u0131 ve deneysel \u00e7al\u0131\u015fmalar <span class=\"s1\">lpg li arac otopark havaland\u0131rmas\u0131 konusunda<\/span> \u015funlar\u0131 g\u00f6stermi\u015ftir;<\/p>\n<ol class=\"ol1\">\n<li class=\"li1\">1. Kaza sonucu LPG tahliyesinin ard\u0131ndan, uygun havaland\u0131rma sistemleri olmadan, gaz otoparka toplan\u0131r ve bu da ciddi bir patlama tehlikesi olu\u015fturur;<\/li>\n<li class=\"li1\">2. LPG tespiti zemine m\u00fcmk\u00fcn oldu\u011fu kadar yak\u0131n olmal\u0131d\u0131r, zeminden 0,30 m y\u00fckseklikte bile dedekt\u00f6rler etkili olmayabilir;<\/li>\n<li class=\"li1\">3. D\u00fczg\u00fcn tasarlanan havaland\u0131rma (\u00f6zellikle jet fan sistemleri) LPG&#8217;yi bir araba tank\u0131ndan b\u00fcy\u00fck bir gaz s\u0131z\u0131nt\u0131s\u0131 olmas\u0131 durumunda bile otoparktan verimli bir \u015fekilde \u00e7\u0131karabilir.<\/li>\n<\/ol>\n<p>[\/vc_column_text][vc_empty_space][\/vc_column][\/vc_row][vc_row][vc_column][vc_column_text]<\/p>\n<p class=\"p1\">Otopark tasar\u0131mc\u0131lar\u0131 ve payda\u015flar\u0131 i\u00e7in bu pratik \u00f6neriler, yerel y\u00f6netmelikler taraf\u0131ndan duman kontrol sistemlerinin gerekli oldu\u011fu otoparklarda a\u015f\u0131r\u0131 ek maliyetler gerektirmemelidir, \u00e7\u00fcnk\u00fc ayn\u0131 sistemler <span class=\"s1\">lpg li ara\u00e7 otopark havaland\u0131rmas\u0131 i\u00e7in kullan\u0131labilir.<\/span><\/p>\n<p class=\"p1\">Bu \u015fartlara sahip olmayan otoparklarda, LPG kontrol sistemlerinin ek maliyetleri \u00f6nemli olabilir. Bu gibi durumlarda, LPG yak\u0131tl\u0131 ara\u00e7lar\u0131n otoparka girip girmemesine karar verilmesi gerekebilir.<\/p>\n<p>[\/vc_column_text][vc_empty_space][\/vc_column][\/vc_row][vc_row][vc_column][vc_video link=&#8221;https:\/\/youtu.be\/v_xxJg2OhBI&#8221; align=&#8221;center&#8221;][\/vc_column][\/vc_row]<\/p>\n","protected":false},"excerpt":{"rendered":"<p>[vc_row][vc_column][vc_column_text] Lpg\u2019li Ara\u00e7 Otopark Havaland\u0131rmas\u0131 S\u0131v\u0131la\u015ft\u0131r\u0131lm\u0131\u015f Petrol Gaz\u0131 (LPG) t\u00fcm d\u00fcnyada pop\u00fclerlik kazanmaktad\u0131r. D\u00fcnyada toplam yak\u0131t pazar pay\u0131n\u0131n %3\u2019\u00fcn\u00fc sa\u011flamaktad\u0131r. D\u00fcnyada bu kadar fazla kullan\u0131lmas\u0131n\u0131 nedeni geleneksel yak\u0131tlardan ortalama %40 fiyat tasarrufu sa\u011flamaktad\u0131r.\u00dclkemizde de fiyat tasarrufu sebebiyle olduk\u00e7a s\u0131k kullan\u0131lan bir bir yak\u0131t t\u00fcr\u00fc olan LPG ve LPG li ara\u00e7lar\u0131n kapal\u0131 otoparklarda nas\u0131l g\u00fcvende olacaklar\u0131n\u0131 [&hellip;]<\/p>\n","protected":false},"author":1,"featured_media":0,"parent":0,"menu_order":0,"comment_status":"closed","ping_status":"closed","template":"","meta":{"footnotes":""},"class_list":["post-14","page","type-page","status-publish","hentry"],"yoast_head":"<!-- This site is optimized with the Yoast SEO plugin v21.5 - https:\/\/yoast.com\/wordpress\/plugins\/seo\/ -->\n<title>LPG&#039;li Ara&ccedil; Otopark Havaland\u0131rmas\u0131 - Cvsair Havaland\u0131rma Sistemleri<\/title>\n<meta name=\"description\" content=\"Cvsair, Lpg&#039;li Ara\u00e7 Otopark Havaland\u0131rmas\u0131 : S\u0131v\u0131la\u015ft\u0131r\u0131lm\u0131\u015f Petrol Gaz\u0131 (LPG) t\u00fcm d\u00fcnyada pop\u00fclerlik kazanmaktad\u0131r. D\u00fcnyada toplam yak\u0131t pazar pay\u0131n\u0131n %3\u2019\u00fcn\u00fc sa\u011flamaktad\u0131r.\" \/>\n<meta name=\"robots\" content=\"index, follow, max-snippet:-1, max-image-preview:large, max-video-preview:-1\" \/>\n<link rel=\"canonical\" href=\"https:\/\/lpgliaracotoparkhavalandirmasi.com\/\" \/>\n<meta property=\"og:locale\" content=\"tr_TR\" \/>\n<meta property=\"og:type\" content=\"article\" \/>\n<meta property=\"og:title\" content=\"LPG&#039;li Ara&ccedil; Otopark Havaland\u0131rmas\u0131 - Cvsair Havaland\u0131rma Sistemleri\" \/>\n<meta property=\"og:description\" content=\"Cvsair, Lpg&#039;li Ara\u00e7 Otopark Havaland\u0131rmas\u0131 : S\u0131v\u0131la\u015ft\u0131r\u0131lm\u0131\u015f Petrol Gaz\u0131 (LPG) t\u00fcm d\u00fcnyada pop\u00fclerlik kazanmaktad\u0131r. D\u00fcnyada toplam yak\u0131t pazar pay\u0131n\u0131n %3\u2019\u00fcn\u00fc sa\u011flamaktad\u0131r.\" \/>\n<meta property=\"og:url\" content=\"https:\/\/lpgliaracotoparkhavalandirmasi.com\/\" \/>\n<meta property=\"og:site_name\" content=\"LPG&#039;li Ara&ccedil; Otopark Havaland\u0131rmas\u0131\" \/>\n<meta property=\"article:modified_time\" content=\"2019-05-29T20:00:10+00:00\" \/>\n<meta property=\"og:image\" content=\"https:\/\/lpgliaracotoparkhavalandirmasi.com\/wp-content\/uploads\/2019\/05\/LPGLI\u0307-ARAC-OTOPARK-HAVALANDIRMASI.png\" \/>\n\t<meta property=\"og:image:width\" content=\"504\" \/>\n\t<meta property=\"og:image:height\" content=\"264\" \/>\n\t<meta property=\"og:image:type\" content=\"image\/png\" \/>\n<meta name=\"twitter:card\" content=\"summary_large_image\" \/>\n<meta name=\"twitter:label1\" content=\"Tahmini okuma s\u00fcresi\" \/>\n\t<meta name=\"twitter:data1\" content=\"4 dakika\" \/>\n<script type=\"application\/ld+json\" class=\"yoast-schema-graph\">{\"@context\":\"https:\/\/schema.org\",\"@graph\":[{\"@type\":\"WebPage\",\"@id\":\"https:\/\/lpgliaracotoparkhavalandirmasi.com\/\",\"url\":\"https:\/\/lpgliaracotoparkhavalandirmasi.com\/\",\"name\":\"LPG'li Ara&ccedil; Otopark Havaland\u0131rmas\u0131 - Cvsair Havaland\u0131rma Sistemleri\",\"isPartOf\":{\"@id\":\"https:\/\/lpgliaracotoparkhavalandirmasi.com\/#website\"},\"datePublished\":\"2019-05-29T19:31:29+00:00\",\"dateModified\":\"2019-05-29T20:00:10+00:00\",\"description\":\"Cvsair, Lpg'li Ara\u00e7 Otopark Havaland\u0131rmas\u0131 : S\u0131v\u0131la\u015ft\u0131r\u0131lm\u0131\u015f Petrol Gaz\u0131 (LPG) t\u00fcm d\u00fcnyada pop\u00fclerlik kazanmaktad\u0131r. D\u00fcnyada toplam yak\u0131t pazar pay\u0131n\u0131n %3\u2019\u00fcn\u00fc sa\u011flamaktad\u0131r.\",\"breadcrumb\":{\"@id\":\"https:\/\/lpgliaracotoparkhavalandirmasi.com\/#breadcrumb\"},\"inLanguage\":\"tr\",\"potentialAction\":[{\"@type\":\"ReadAction\",\"target\":[\"https:\/\/lpgliaracotoparkhavalandirmasi.com\/\"]}]},{\"@type\":\"BreadcrumbList\",\"@id\":\"https:\/\/lpgliaracotoparkhavalandirmasi.com\/#breadcrumb\",\"itemListElement\":[{\"@type\":\"ListItem\",\"position\":1,\"name\":\"Ana sayfa\",\"item\":\"https:\/\/lpgliaracotoparkhavalandirmasi.com\/\"},{\"@type\":\"ListItem\",\"position\":2,\"name\":\"Lpg\u2019li Ara\u00e7 Otopark Havaland\u0131rmas\u0131\"}]},{\"@type\":\"WebSite\",\"@id\":\"https:\/\/lpgliaracotoparkhavalandirmasi.com\/#website\",\"url\":\"https:\/\/lpgliaracotoparkhavalandirmasi.com\/\",\"name\":\"LPG'li Ara&ccedil; Otopark Havaland\u0131rmas\u0131\",\"description\":\"Cvsair\",\"potentialAction\":[{\"@type\":\"SearchAction\",\"target\":{\"@type\":\"EntryPoint\",\"urlTemplate\":\"https:\/\/lpgliaracotoparkhavalandirmasi.com\/?s={search_term_string}\"},\"query-input\":\"required name=search_term_string\"}],\"inLanguage\":\"tr\"}]}<\/script>\n<!-- \/ Yoast SEO plugin. -->","yoast_head_json":{"title":"LPG'li Ara&ccedil; Otopark Havaland\u0131rmas\u0131 - Cvsair Havaland\u0131rma Sistemleri","description":"Cvsair, Lpg'li Ara\u00e7 Otopark Havaland\u0131rmas\u0131 : S\u0131v\u0131la\u015ft\u0131r\u0131lm\u0131\u015f Petrol Gaz\u0131 (LPG) t\u00fcm d\u00fcnyada pop\u00fclerlik kazanmaktad\u0131r. D\u00fcnyada toplam yak\u0131t pazar pay\u0131n\u0131n %3\u2019\u00fcn\u00fc sa\u011flamaktad\u0131r.","robots":{"index":"index","follow":"follow","max-snippet":"max-snippet:-1","max-image-preview":"max-image-preview:large","max-video-preview":"max-video-preview:-1"},"canonical":"https:\/\/lpgliaracotoparkhavalandirmasi.com\/","og_locale":"tr_TR","og_type":"article","og_title":"LPG'li Ara&ccedil; Otopark Havaland\u0131rmas\u0131 - Cvsair Havaland\u0131rma Sistemleri","og_description":"Cvsair, Lpg'li Ara\u00e7 Otopark Havaland\u0131rmas\u0131 : S\u0131v\u0131la\u015ft\u0131r\u0131lm\u0131\u015f Petrol Gaz\u0131 (LPG) t\u00fcm d\u00fcnyada pop\u00fclerlik kazanmaktad\u0131r. D\u00fcnyada toplam yak\u0131t pazar pay\u0131n\u0131n %3\u2019\u00fcn\u00fc sa\u011flamaktad\u0131r.","og_url":"https:\/\/lpgliaracotoparkhavalandirmasi.com\/","og_site_name":"LPG'li Ara&ccedil; Otopark Havaland\u0131rmas\u0131","article_modified_time":"2019-05-29T20:00:10+00:00","og_image":[{"width":504,"height":264,"url":"https:\/\/lpgliaracotoparkhavalandirmasi.com\/wp-content\/uploads\/2019\/05\/LPGLI\u0307-ARAC-OTOPARK-HAVALANDIRMASI.png","type":"image\/png"}],"twitter_card":"summary_large_image","twitter_misc":{"Tahmini okuma s\u00fcresi":"4 dakika"},"schema":{"@context":"https:\/\/schema.org","@graph":[{"@type":"WebPage","@id":"https:\/\/lpgliaracotoparkhavalandirmasi.com\/","url":"https:\/\/lpgliaracotoparkhavalandirmasi.com\/","name":"LPG'li Ara&ccedil; Otopark Havaland\u0131rmas\u0131 - Cvsair Havaland\u0131rma Sistemleri","isPartOf":{"@id":"https:\/\/lpgliaracotoparkhavalandirmasi.com\/#website"},"datePublished":"2019-05-29T19:31:29+00:00","dateModified":"2019-05-29T20:00:10+00:00","description":"Cvsair, Lpg'li Ara\u00e7 Otopark Havaland\u0131rmas\u0131 : S\u0131v\u0131la\u015ft\u0131r\u0131lm\u0131\u015f Petrol Gaz\u0131 (LPG) t\u00fcm d\u00fcnyada pop\u00fclerlik kazanmaktad\u0131r. D\u00fcnyada toplam yak\u0131t pazar pay\u0131n\u0131n %3\u2019\u00fcn\u00fc sa\u011flamaktad\u0131r.","breadcrumb":{"@id":"https:\/\/lpgliaracotoparkhavalandirmasi.com\/#breadcrumb"},"inLanguage":"tr","potentialAction":[{"@type":"ReadAction","target":["https:\/\/lpgliaracotoparkhavalandirmasi.com\/"]}]},{"@type":"BreadcrumbList","@id":"https:\/\/lpgliaracotoparkhavalandirmasi.com\/#breadcrumb","itemListElement":[{"@type":"ListItem","position":1,"name":"Ana sayfa","item":"https:\/\/lpgliaracotoparkhavalandirmasi.com\/"},{"@type":"ListItem","position":2,"name":"Lpg\u2019li Ara\u00e7 Otopark Havaland\u0131rmas\u0131"}]},{"@type":"WebSite","@id":"https:\/\/lpgliaracotoparkhavalandirmasi.com\/#website","url":"https:\/\/lpgliaracotoparkhavalandirmasi.com\/","name":"LPG'li Ara&ccedil; Otopark Havaland\u0131rmas\u0131","description":"Cvsair","potentialAction":[{"@type":"SearchAction","target":{"@type":"EntryPoint","urlTemplate":"https:\/\/lpgliaracotoparkhavalandirmasi.com\/?s={search_term_string}"},"query-input":"required name=search_term_string"}],"inLanguage":"tr"}]}},"_links":{"self":[{"href":"https:\/\/lpgliaracotoparkhavalandirmasi.com\/index.php?rest_route=\/wp\/v2\/pages\/14","targetHints":{"allow":["GET"]}}],"collection":[{"href":"https:\/\/lpgliaracotoparkhavalandirmasi.com\/index.php?rest_route=\/wp\/v2\/pages"}],"about":[{"href":"https:\/\/lpgliaracotoparkhavalandirmasi.com\/index.php?rest_route=\/wp\/v2\/types\/page"}],"author":[{"embeddable":true,"href":"https:\/\/lpgliaracotoparkhavalandirmasi.com\/index.php?rest_route=\/wp\/v2\/users\/1"}],"replies":[{"embeddable":true,"href":"https:\/\/lpgliaracotoparkhavalandirmasi.com\/index.php?rest_route=%2Fwp%2Fv2%2Fcomments&post=14"}],"version-history":[{"count":9,"href":"https:\/\/lpgliaracotoparkhavalandirmasi.com\/index.php?rest_route=\/wp\/v2\/pages\/14\/revisions"}],"predecessor-version":[{"id":31,"href":"https:\/\/lpgliaracotoparkhavalandirmasi.com\/index.php?rest_route=\/wp\/v2\/pages\/14\/revisions\/31"}],"wp:attachment":[{"href":"https:\/\/lpgliaracotoparkhavalandirmasi.com\/index.php?rest_route=%2Fwp%2Fv2%2Fmedia&parent=14"}],"curies":[{"name":"wp","href":"https:\/\/api.w.org\/{rel}","templated":true}]}}